{"id":30,"date":"2025-06-25T06:50:59","date_gmt":"2025-06-25T06:50:59","guid":{"rendered":"https:\/\/magma360digital.com\/?page_id=30"},"modified":"2025-10-13T09:22:02","modified_gmt":"2025-10-13T09:22:02","slug":"contact-us","status":"publish","type":"page","link":"https:\/\/magma360digital.com\/es\/contact-us\/","title":{"rendered":"Cont\u00e1ctenos"},"content":{"rendered":"<style>.elementor-30 .elementor-element.elementor-element-a179754{--display:flex;--flex-direction:row;--container-widget-width:initial;--container-widget-height:100%;--container-widget-flex-grow:1;--container-widget-align-self:stretch;--flex-wrap-mobile:wrap;--overflow:hidden;--overlay-opacity:1;--padding-top:0px;--padding-bottom:0px;--padding-left:0px;--padding-right:0px;overflow:visible;}.elementor-30 .elementor-element.elementor-element-a179754::before, .elementor-30 .elementor-element.elementor-element-a179754 > .elementor-background-video-container::before, .elementor-30 .elementor-element.elementor-element-a179754 > .e-con-inner > .elementor-background-video-container::before, .elementor-30 .elementor-element.elementor-element-a179754 > .elementor-background-slideshow::before, .elementor-30 .elementor-element.elementor-element-a179754 > .e-con-inner > .elementor-background-slideshow::before, .elementor-30 .elementor-element.elementor-element-a179754 > .elementor-motion-effects-container > .elementor-motion-effects-layer::before{background-color:transparent;--background-overlay:'';background-image:linear-gradient(163deg, #00000066 0%, #000000 100%);}.elementor-30 .elementor-element.elementor-element-e1916ee{--display:flex;--overlay-opacity:0.16;--padding-top:100px;--padding-bottom:100px;--padding-left:0px;--padding-right:0px;overflow:visible;}.elementor-30 .elementor-element.elementor-element-e1916ee::before, .elementor-30 .elementor-element.elementor-element-e1916ee > .elementor-background-video-container::before, .elementor-30 .elementor-element.elementor-element-e1916ee > .e-con-inner > .elementor-background-video-container::before, .elementor-30 .elementor-element.elementor-element-e1916ee > .elementor-background-slideshow::before, .elementor-30 .elementor-element.elementor-element-e1916ee > .e-con-inner > .elementor-background-slideshow::before, .elementor-30 .elementor-element.elementor-element-e1916ee > .elementor-motion-effects-container > .elementor-motion-effects-layer::before{--background-overlay:'';}.elementor-30 .elementor-element.elementor-element-5c7b423{--display:flex;--padding-top:0px;--padding-bottom:0px;--padding-left:0px;--padding-right:0px;overflow:visible;}.elementor-30 .elementor-element.elementor-element-0668077{--display:flex;--margin-top:0px;--margin-bottom:-173px;--margin-left:0px;--margin-right:0px;--padding-top:0px;--padding-bottom:0px;--padding-left:0px;--padding-right:0px;overflow:visible;}.elementor-30 .elementor-element.elementor-element-80feb5b .elementskit-section-title-wraper .elementskit-section-title.text_fill > span{background-color:transparent;background-image:linear-gradient(186deg, var( --e-global-color-0300cfa ) 0%, var( --e-global-color-8733565 ) 100%);}.elementor-30 .elementor-element.elementor-element-80feb5b > .elementor-widget-container{margin:-77px 0px -60px -28px;}.elementor-30 .elementor-element.elementor-element-80feb5b .elementskit-section-title-wraper .elementskit-section-title{color:var( --e-global-color-1fe4655 );font-family:var( --e-global-typography-5497f31-font-family ), Sans-serif;font-size:var( --e-global-typography-5497f31-font-size );font-weight:var( --e-global-typography-5497f31-font-weight );text-transform:var( --e-global-typography-5497f31-text-transform );line-height:var( --e-global-typography-5497f31-line-height );letter-spacing:var( --e-global-typography-5497f31-letter-spacing );word-spacing:var( --e-global-typography-5497f31-word-spacing );}.elementor-30 .elementor-element.elementor-element-80feb5b .elementskit-section-title-wraper .elementskit-section-title > span{color:var( --e-global-color-1fe4655 );padding:0px 0px 6px 0px;}.elementor-30 .elementor-element.elementor-element-80feb5b .elementskit-section-title-wraper .elementskit-section-title:hover > span{color:var( --e-global-color-1fe4655 );}.elementor-30 .elementor-element.elementor-element-80feb5b .elementskit-section-title-wraper .elementskit-section-title span:last-child, .elementor-30 .elementor-element.elementor-element-80feb5b .elementskit-section-title-wraper .elementskit-section-title > span{font-family:\"Plus Jakarta Sans\", Sans-serif;font-weight:500;text-transform:uppercase;}.elementor-30 .elementor-element.elementor-element-608de5c{--display:flex;--flex-direction:row;--container-widget-width:initial;--container-widget-height:100%;--container-widget-flex-grow:1;--container-widget-align-self:stretch;--flex-wrap-mobile:wrap;--padding-top:0px;--padding-bottom:0px;--padding-left:0px;--padding-right:0px;overflow:visible;}.elementor-30 .elementor-element.elementor-element-507b036{--display:flex;--flex-direction:column;--container-widget-width:100%;--container-widget-height:initial;--container-widget-flex-grow:0;--container-widget-align-self:initial;--flex-wrap-mobile:wrap;--padding-top:0px;--padding-bottom:0px;--padding-left:0px;--padding-right:0px;overflow:visible;}.elementor-30 .elementor-element.elementor-element-a15d992 .elementskit-section-title-wraper .elementskit-section-title.text_fill > span{background-color:transparent;background-image:linear-gradient(128deg, var( --e-global-color-4d1c3ac ) 0%, var( --e-global-color-1fe4655 ) 100%);}.elementor-30 .elementor-element.elementor-element-a15d992 > .elementor-widget-container{margin:0px 0px 0px 0px;}.elementor-30 .elementor-element.elementor-element-a15d992 .elementskit-section-title-wraper .elementskit-section-title{color:var( --e-global-color-1fe4655 );font-family:\"Montserrat\", Sans-serif;font-size:3.3em;font-weight:600;text-transform:uppercase;line-height:1.2em;}.elementor-30 .elementor-element.elementor-element-a15d992 .elementskit-section-title-wraper .elementskit-section-title span:last-child, .elementor-30 .elementor-element.elementor-element-a15d992 .elementskit-section-title-wraper .elementskit-section-title > span{font-family:\"Playfair Display\", Sans-serif;font-weight:400;text-transform:capitalize;font-style:italic;}.elementor-30 .elementor-element.elementor-element-a15d992 .elementskit-section-title-wraper .elementskit-section-title > span{padding:0px 0px 6px 0px;}.elementor-30 .elementor-element.elementor-element-41c38ce{text-align:center;font-family:var( --e-global-typography-text-font-family ), Sans-serif;font-weight:var( --e-global-typography-text-font-weight );}.elementor-30 .elementor-element.elementor-element-b64eec4{--display:flex;--flex-direction:column;--container-widget-width:100%;--container-widget-height:initial;--container-widget-flex-grow:0;--container-widget-align-self:initial;--flex-wrap-mobile:wrap;overflow:visible;}.elementor-30 .elementor-element.elementor-element-5f71e70{--display:flex;--flex-direction:row;--container-widget-width:initial;--container-widget-height:100%;--container-widget-flex-grow:1;--container-widget-align-self:stretch;--flex-wrap-mobile:wrap;--gap:50px 50px;--row-gap:50px;--column-gap:50px;--padding-top:0px;--padding-bottom:0px;--padding-left:0px;--padding-right:0px;overflow:visible;}.elementor-30 .elementor-element.elementor-element-ed2d1f1{--display:flex;--justify-content:center;overflow:visible;}.elementor-30 .elementor-element.elementor-element-a9e629b{width:var( --container-widget-width, 100% );max-width:100%;--container-widget-width:100%;--container-widget-flex-grow:0;--e-form-steps-indicators-spacing:20px;--e-form-steps-indicator-padding:30px;--e-form-steps-indicator-inactive-secondary-color:#ffffff;--e-form-steps-indicator-active-secondary-color:#ffffff;--e-form-steps-indicator-completed-secondary-color:#ffffff;--e-form-steps-divider-width:1px;--e-form-steps-divider-gap:10px;}.elementor-30 .elementor-element.elementor-element-a9e629b .elementor-field-group{padding-right:calc( 10px\/2 );padding-left:calc( 10px\/2 );margin-bottom:20px;}.elementor-30 .elementor-element.elementor-element-a9e629b .elementor-form-fields-wrapper{margin-left:calc( -10px\/2 );margin-right:calc( -10px\/2 );margin-bottom:-20px;}.elementor-30 .elementor-element.elementor-element-a9e629b .elementor-field-group.recaptcha_v3-bottomleft, .elementor-30 .elementor-element.elementor-element-a9e629b .elementor-field-group.recaptcha_v3-bottomright{margin-bottom:0;}body.rtl .elementor-30 .elementor-element.elementor-element-a9e629b .elementor-labels-inline .elementor-field-group > label{padding-left:0px;}body:not(.rtl) .elementor-30 .elementor-element.elementor-element-a9e629b .elementor-labels-inline .elementor-field-group > label{padding-right:0px;}body .elementor-30 .elementor-element.elementor-element-a9e629b .elementor-labels-above .elementor-field-group > label{padding-bottom:0px;}.elementor-30 .elementor-element.elementor-element-a9e629b .elementor-field-type-html{padding-bottom:0px;}.elementor-30 .elementor-element.elementor-element-a9e629b .elementor-field-group .elementor-field{color:#FFFFFF;}.elementor-30 .elementor-element.elementor-element-a9e629b .elementor-field-group .elementor-field:not(.elementor-select-wrapper){background-color:#FFFFFF1F;border-width:0px 0px 0px 0px;}.elementor-30 .elementor-element.elementor-element-a9e629b .elementor-field-group .elementor-select-wrapper select{background-color:#FFFFFF1F;border-width:0px 0px 0px 0px;}.elementor-30 .elementor-element.elementor-element-a9e629b .e-form__buttons__wrapper__button-next{color:#ffffff;}.elementor-30 .elementor-element.elementor-element-a9e629b .elementor-button[type=\"submit\"]{color:#ffffff;}.elementor-30 .elementor-element.elementor-element-a9e629b .elementor-button[type=\"submit\"] svg *{fill:#ffffff;}.elementor-30 .elementor-element.elementor-element-a9e629b .e-form__buttons__wrapper__button-previous{color:#ffffff;}.elementor-30 .elementor-element.elementor-element-a9e629b .e-form__buttons__wrapper__button-next:hover{background-color:var( --e-global-color-4d1c3ac );color:#ffffff;}.elementor-30 .elementor-element.elementor-element-a9e629b .elementor-button[type=\"submit\"]:hover{background-color:var( --e-global-color-4d1c3ac );color:#ffffff;}.elementor-30 .elementor-element.elementor-element-a9e629b .elementor-button[type=\"submit\"]:hover svg *{fill:#ffffff;}.elementor-30 .elementor-element.elementor-element-a9e629b .e-form__buttons__wrapper__button-previous:hover{color:#ffffff;}.elementor-30 .elementor-element.elementor-element-a9e629b .elementor-button{border-radius:5px 5px 5px 5px;}.elementor-30 .elementor-element.elementor-element-00a9372{--display:flex;overflow:visible;}.elementor-30 .elementor-element.elementor-element-405f1b2.elementor-element{--align-self:flex-end;}.elementor-30 .elementor-element.elementor-element-405f1b2{--lottie-container-width:100%;}@media(max-width:1024px){.elementor-30 .elementor-element.elementor-element-e1916ee{--padding-top:170px;--padding-bottom:80px;--padding-left:30px;--padding-right:30px;}.elementor-30 .elementor-element.elementor-element-0668077{--margin-top:0px;--margin-bottom:-131px;--margin-left:0px;--margin-right:0px;}.elementor-30 .elementor-element.elementor-element-80feb5b > .elementor-widget-container{margin:-33px 0px 0px 0px;}.elementor-30 .elementor-element.elementor-element-80feb5b .elementskit-section-title-wraper .elementskit-section-title{font-size:var( --e-global-typography-5497f31-font-size );line-height:var( --e-global-typography-5497f31-line-height );letter-spacing:var( --e-global-typography-5497f31-letter-spacing );word-spacing:var( --e-global-typography-5497f31-word-spacing );}.elementor-30 .elementor-element.elementor-element-608de5c{--flex-direction:row;--container-widget-width:initial;--container-widget-height:100%;--container-widget-flex-grow:1;--container-widget-align-self:stretch;--flex-wrap-mobile:wrap;}.elementor-30 .elementor-element.elementor-element-a15d992 > .elementor-widget-container{margin:0px 0px 0px 0px;}.elementor-30 .elementor-element.elementor-element-a15d992 .elementskit-section-title-wraper .elementskit-section-title{color:var( --e-global-color-1fe4655 );font-size:3.4em;}.elementor-30 .elementor-element.elementor-element-a15d992 .elementskit-section-title-wraper .elementskit-section-title:hover{color:var( --e-global-color-1fe4655 );}.elementor-30 .elementor-element.elementor-element-a9e629b{width:100%;max-width:100%;}.elementor-30 .elementor-element.elementor-element-405f1b2.elementor-element{--align-self:flex-end;}}@media(max-width:767px){.elementor-30 .elementor-element.elementor-element-e1916ee{--padding-top:150px;--padding-bottom:0px;--padding-left:20px;--padding-right:20px;}.elementor-30 .elementor-element.elementor-element-0668077{--margin-top:0px;--margin-bottom:-60px;--margin-left:0px;--margin-right:0px;}.elementor-30 .elementor-element.elementor-element-80feb5b > .elementor-widget-container{margin:-14px 0px -26px 0px;}.elementor-30 .elementor-element.elementor-element-80feb5b .elementskit-section-title-wraper .elementskit-section-title{font-size:var( --e-global-typography-5497f31-font-size );line-height:var( --e-global-typography-5497f31-line-height );letter-spacing:var( --e-global-typography-5497f31-letter-spacing );word-spacing:var( --e-global-typography-5497f31-word-spacing );}.elementor-30 .elementor-element.elementor-element-a15d992 > .elementor-widget-container{margin:0px 0px 0px 0px;}.elementor-30 .elementor-element.elementor-element-a15d992 .elementskit-section-title-wraper .elementskit-section-title{font-size:2.1em;}.elementor-30 .elementor-element.elementor-element-41c38ce{text-align:center;}.elementor-30 .elementor-element.elementor-element-5f71e70{--gap:20px 20px;--row-gap:20px;--column-gap:20px;}.elementor-30 .elementor-element.elementor-element-a9e629b{width:100%;max-width:100%;}.elementor-30 .elementor-element.elementor-element-00a9372.e-con{--order:-99999 \/* order start hack *\/;}.elementor-30 .elementor-element.elementor-element-405f1b2.elementor-element{--align-self:center;}}<\/style>\t\t<div data-elementor-type=\"wp-page\" data-elementor-id=\"30\" class=\"elementor elementor-30\" data-elementor-post-type=\"page\">\n\t\t\t\t<div class=\"elementor-element elementor-element-a179754 e-flex e-con-boxed e-con e-parent\" data-id=\"a179754\" data-element_type=\"container\" data-settings=\"{&quot;background_background&quot;:&quot;classic&quot;,&quot;ekit_has_onepagescroll_dot&quot;:&quot;yes&quot;}\">\n\t\t\t\t\t<div class=\"e-con-inner\">\n\t\t<div class=\"elementor-element elementor-element-e1916ee e-con-full e-flex e-con e-child\" data-id=\"e1916ee\" data-element_type=\"container\" data-settings=\"{&quot;ekit_has_onepagescroll_dot&quot;:&quot;yes&quot;}\">\n\t\t<div class=\"elementor-element elementor-element-5c7b423 e-con-full e-flex e-con e-child\" data-id=\"5c7b423\" data-element_type=\"container\" data-settings=\"{&quot;ekit_has_onepagescroll_dot&quot;:&quot;yes&quot;}\">\n\t\t<div class=\"elementor-element elementor-element-0668077 e-con-full e-flex e-con e-child\" data-id=\"0668077\" data-element_type=\"container\" data-settings=\"{&quot;ekit_has_onepagescroll_dot&quot;:&quot;yes&quot;}\">\n\t\t\t\t<div class=\"elementor-element elementor-element-80feb5b elementor-widget elementor-widget-elementskit-heading\" data-id=\"80feb5b\" data-element_type=\"widget\" data-settings=\"{&quot;ekit_we_effect_on&quot;:&quot;none&quot;}\" data-widget_type=\"elementskit-heading.default\">\n\t\t\t\t<div class=\"elementor-widget-container\">\n\t\t\t\t\t<div class=\"ekit-wid-con\" ><div class=\"ekit-heading elementskit-section-title-wraper text_center   ekit_heading_tablet-   ekit_heading_mobile-\"><h2 class=\"ekit-heading--title elementskit-section-title text_fill\"><span><\/span><\/h2><\/div><\/div>\t\t\t\t<\/div>\n\t\t\t\t<\/div>\n\t\t\t\t<\/div>\n\t\t<div class=\"elementor-element elementor-element-608de5c e-con-full e-flex e-con e-child\" data-id=\"608de5c\" data-element_type=\"container\" data-settings=\"{&quot;ekit_has_onepagescroll_dot&quot;:&quot;yes&quot;}\">\n\t\t<div class=\"elementor-element elementor-element-507b036 e-con-full e-flex e-con e-child\" data-id=\"507b036\" data-element_type=\"container\" data-settings=\"{&quot;ekit_has_onepagescroll_dot&quot;:&quot;yes&quot;}\">\n\t\t\t\t<div class=\"elementor-element elementor-element-a15d992 elementor-invisible elementor-widget elementor-widget-elementskit-heading\" data-id=\"a15d992\" data-element_type=\"widget\" data-settings=\"{&quot;_animation&quot;:&quot;fadeInUp&quot;,&quot;ekit_we_effect_on&quot;:&quot;none&quot;}\" data-widget_type=\"elementskit-heading.default\">\n\t\t\t\t<div class=\"elementor-widget-container\">\n\t\t\t\t\t<div class=\"ekit-wid-con\" ><div class=\"ekit-heading elementskit-section-title-wraper text_center   ekit_heading_tablet-   ekit_heading_mobile-text_center\"><h2 class=\"ekit-heading--title elementskit-section-title text_fill\">Ponte en contacto con nosotros<\/h2><\/div><\/div>\t\t\t\t<\/div>\n\t\t\t\t<\/div>\n\t\t\t\t<div class=\"elementor-element elementor-element-41c38ce elementor-invisible elementor-widget elementor-widget-text-editor\" data-id=\"41c38ce\" data-element_type=\"widget\" data-settings=\"{&quot;_animation&quot;:&quot;fadeInUp&quot;,&quot;ekit_we_effect_on&quot;:&quot;none&quot;}\" data-widget_type=\"text-editor.default\">\n\t\t\t\t<div class=\"elementor-widget-container\">\n\t\t\t\t\t\t\t\t\t<p>\u00bfTienes preguntas o est\u00e1s listo para empezar tu proyecto? \u00a1Estamos aqu\u00ed para ayudarte! Cont\u00e1ctanos en cualquier momento: haremos realidad tu visi\u00f3n con un dise\u00f1o creativo y una funcionalidad impecable. \u00bfTienes un proyecto en mente o alguna pregunta? Estamos aqu\u00ed para escucharte. Completa el formulario y hablemos sobre c\u00f3mo podemos ayudarte a alcanzar tus objetivos.<\/p>\t\t\t\t\t\t\t\t<\/div>\n\t\t\t\t<\/div>\n\t\t\t\t<\/div>\n\t\t\t\t<\/div>\n\t\t\t\t<\/div>\n\t\t\t\t<\/div>\n\t\t\t\t\t<\/div>\n\t\t\t\t<\/div>\n\t\t<div class=\"elementor-element elementor-element-b64eec4 e-flex e-con-boxed e-con e-parent\" data-id=\"b64eec4\" data-element_type=\"container\" data-settings=\"{&quot;ekit_has_onepagescroll_dot&quot;:&quot;yes&quot;}\">\n\t\t\t\t\t<div class=\"e-con-inner\">\n\t\t<div class=\"elementor-element elementor-element-5f71e70 e-con-full e-flex e-con e-child\" data-id=\"5f71e70\" data-element_type=\"container\" data-settings=\"{&quot;ekit_has_onepagescroll_dot&quot;:&quot;yes&quot;}\">\n\t\t<div class=\"elementor-element elementor-element-ed2d1f1 e-con-full e-flex e-con e-child\" data-id=\"ed2d1f1\" data-element_type=\"container\" data-settings=\"{&quot;ekit_has_onepagescroll_dot&quot;:&quot;yes&quot;}\">\n\t\t\t\t<div class=\"elementor-element elementor-element-a9e629b elementor-widget__width-initial elementor-widget-mobile__width-inherit elementor-widget-tablet__width-inherit elementor-button-align-stretch elementor-invisible elementor-widget elementor-widget-form\" data-id=\"a9e629b\" data-element_type=\"widget\" data-settings=\"{&quot;step_next_label&quot;:&quot;Next&quot;,&quot;step_previous_label&quot;:&quot;Previous&quot;,&quot;_animation&quot;:&quot;fadeInLeft&quot;,&quot;button_width&quot;:&quot;100&quot;,&quot;step_type&quot;:&quot;number_text&quot;,&quot;step_icon_shape&quot;:&quot;circle&quot;,&quot;ekit_we_effect_on&quot;:&quot;none&quot;}\" data-widget_type=\"form.default\">\n\t\t\t\t<div class=\"elementor-widget-container\">\n\t\t\t\t\t\t\t<form class=\"elementor-form\" method=\"post\" name=\"New Form\" aria-label=\"New Form\" action=\"\">\n\t\t\t<input type=\"hidden\" name=\"post_id\" value=\"30\"\/>\n\t\t\t<input type=\"hidden\" name=\"form_id\" value=\"a9e629b\"\/>\n\t\t\t<input type=\"hidden\" name=\"referer_title\" value=\"\" \/>\n\n\t\t\t\n\t\t\t<div class=\"elementor-form-fields-wrapper elementor-labels-\">\n\t\t\t\t\t\t\t\t<div class=\"elementor-field-type-text elementor-field-group elementor-column elementor-field-group-name elementor-col-100\">\n\t\t\t\t\t\t\t\t\t\t\t\t<label for=\"form-field-name\" class=\"elementor-field-label elementor-screen-only\">\n\t\t\t\t\t\t\t\tNombre\t\t\t\t\t\t\t<\/label>\n\t\t\t\t\t\t\t\t\t\t\t\t\t\t<input size=\"1\" type=\"text\" name=\"form_fields[name]\" id=\"form-field-name\" class=\"elementor-field elementor-size-md  elementor-field-textual\" placeholder=\"Nombre\">\n\t\t\t\t\t\t\t\t\t\t\t<\/div>\n\t\t\t\t\t\t\t\t<div class=\"elementor-field-type-tel elementor-field-group elementor-column elementor-field-group-field_0dd90c4 elementor-col-100\">\n\t\t\t\t\t\t\t\t\t\t\t\t<label for=\"form-field-field_0dd90c4\" class=\"elementor-field-label elementor-screen-only\">\n\t\t\t\t\t\t\t\tN\u00famero de tel\u00e9fono\t\t\t\t\t\t\t<\/label>\n\t\t\t\t\t\t\t\t<input size=\"1\" type=\"tel\" name=\"form_fields[field_0dd90c4]\" id=\"form-field-field_0dd90c4\" class=\"elementor-field elementor-size-md  elementor-field-textual\" placeholder=\"N\u00famero de tel\u00e9fono\" pattern=\"[0-9()#&amp;+*-=.]+\" title=\"Only numbers and phone characters (#, -, *, etc) are accepted.\">\n\n\t\t\t\t\t\t<\/div>\n\t\t\t\t\t\t\t\t<div class=\"elementor-field-type-email elementor-field-group elementor-column elementor-field-group-email elementor-col-100 elementor-field-required\">\n\t\t\t\t\t\t\t\t\t\t\t\t<label for=\"form-field-email\" class=\"elementor-field-label elementor-screen-only\">\n\t\t\t\t\t\t\t\tCorreo electr\u00f3nico\t\t\t\t\t\t\t<\/label>\n\t\t\t\t\t\t\t\t\t\t\t\t\t\t<input size=\"1\" type=\"email\" name=\"form_fields[email]\" id=\"form-field-email\" class=\"elementor-field elementor-size-md  elementor-field-textual\" placeholder=\"Correo electr\u00f3nico\" required=\"required\">\n\t\t\t\t\t\t\t\t\t\t\t<\/div>\n\t\t\t\t\t\t\t\t<div class=\"elementor-field-type-textarea elementor-field-group elementor-column elementor-field-group-message elementor-col-100\">\n\t\t\t\t\t\t\t\t\t\t\t\t<label for=\"form-field-message\" class=\"elementor-field-label elementor-screen-only\">\n\t\t\t\t\t\t\t\tMensaje\t\t\t\t\t\t\t<\/label>\n\t\t\t\t\t\t<textarea class=\"elementor-field-textual elementor-field  elementor-size-md\" name=\"form_fields[message]\" id=\"form-field-message\" rows=\"4\" placeholder=\"Mensaje\"><\/textarea>\t\t\t\t<\/div>\n\t\t\t\t\t\t\t\t<div class=\"elementor-field-group elementor-column elementor-field-type-submit elementor-col-100 e-form__buttons\">\n\t\t\t\t\t<button class=\"elementor-button elementor-size-md\" type=\"submit\">\n\t\t\t\t\t\t<span class=\"elementor-button-content-wrapper\">\n\t\t\t\t\t\t\t\t\t\t\t\t\t\t\t\t\t\t\t\t\t\t<span class=\"elementor-button-text\">Enviar<\/span>\n\t\t\t\t\t\t\t\t\t\t\t\t\t<\/span>\n\t\t\t\t\t<\/button>\n\t\t\t\t<\/div>\n\t\t\t<\/div>\n\t\t<input type=\"hidden\" name=\"trp-form-language\" value=\"es\"\/><\/form>\n\t\t\t\t\t\t<\/div>\n\t\t\t\t<\/div>\n\t\t\t\t<\/div>\n\t\t<div class=\"elementor-element elementor-element-00a9372 e-con-full e-flex e-con e-child\" data-id=\"00a9372\" data-element_type=\"container\" data-settings=\"{&quot;ekit_has_onepagescroll_dot&quot;:&quot;yes&quot;}\">\n\t\t\t\t<div class=\"elementor-element elementor-element-405f1b2 elementor-align-center elementor-widget elementor-widget-lottie\" data-id=\"405f1b2\" data-element_type=\"widget\" data-settings=\"{&quot;source_json&quot;:{&quot;url&quot;:&quot;https:\\\/\\\/magma360digital.com\\\/wp-content\\\/uploads\\\/2025\\\/09\\\/contact-us.json&quot;,&quot;id&quot;:2564,&quot;size&quot;:&quot;&quot;,&quot;alt&quot;:&quot;&quot;,&quot;source&quot;:&quot;library&quot;},&quot;loop&quot;:&quot;yes&quot;,&quot;source&quot;:&quot;media_file&quot;,&quot;caption_source&quot;:&quot;none&quot;,&quot;link_to&quot;:&quot;none&quot;,&quot;trigger&quot;:&quot;arriving_to_viewport&quot;,&quot;viewport&quot;:{&quot;unit&quot;:&quot;%&quot;,&quot;size&quot;:&quot;&quot;,&quot;sizes&quot;:{&quot;start&quot;:0,&quot;end&quot;:100}},&quot;play_speed&quot;:{&quot;unit&quot;:&quot;px&quot;,&quot;size&quot;:1,&quot;sizes&quot;:[]},&quot;start_point&quot;:{&quot;unit&quot;:&quot;%&quot;,&quot;size&quot;:0,&quot;sizes&quot;:[]},&quot;end_point&quot;:{&quot;unit&quot;:&quot;%&quot;,&quot;size&quot;:100,&quot;sizes&quot;:[]},&quot;renderer&quot;:&quot;svg&quot;,&quot;ekit_we_effect_on&quot;:&quot;none&quot;}\" data-widget_type=\"lottie.default\">\n\t\t\t\t<div class=\"elementor-widget-container\">\n\t\t\t\t\t<div class=\"e-lottie__container\"><div class=\"e-lottie__animation\"><\/div><\/div>\t\t\t\t<\/div>\n\t\t\t\t<\/div>\n\t\t\t\t<\/div>\n\t\t\t\t<\/div>\n\t\t\t\t\t<\/div>\n\t\t\t\t<\/div>\n\t\t\t\t<\/div>","protected":false},"excerpt":{"rendered":"<p>get in touch with us Do you have questions or are you ready to start your project? We&#8217;re here to help! Contact us anytime: we&#8217;ll make your vision a reality with creative design and flawless functionality. Do you have a project in mind or a question? We&#8217;re here to listen. Fill out the form and [&hellip;]<\/p>","protected":false},"author":1,"featured_media":0,"parent":0,"menu_order":0,"comment_status":"closed","ping_status":"closed","template":"elementor_header_footer","meta":{"footnotes":""},"class_list":["post-30","page","type-page","status-publish","hentry"],"_links":{"self":[{"href":"https:\/\/magma360digital.com\/es\/wp-json\/wp\/v2\/pages\/30","targetHints":{"allow":["GET"]}}],"collection":[{"href":"https:\/\/magma360digital.com\/es\/wp-json\/wp\/v2\/pages"}],"about":[{"href":"https:\/\/magma360digital.com\/es\/wp-json\/wp\/v2\/types\/page"}],"author":[{"embeddable":true,"href":"https:\/\/magma360digital.com\/es\/wp-json\/wp\/v2\/users\/1"}],"replies":[{"embeddable":true,"href":"https:\/\/magma360digital.com\/es\/wp-json\/wp\/v2\/comments?post=30"}],"version-history":[{"count":266,"href":"https:\/\/magma360digital.com\/es\/wp-json\/wp\/v2\/pages\/30\/revisions"}],"predecessor-version":[{"id":3247,"href":"https:\/\/magma360digital.com\/es\/wp-json\/wp\/v2\/pages\/30\/revisions\/3247"}],"wp:attachment":[{"href":"https:\/\/magma360digital.com\/es\/wp-json\/wp\/v2\/media?parent=30"}],"curies":[{"name":"wp","href":"https:\/\/api.w.org\/{rel}","templated":true}]}}